{"id":11173,"date":"2023-01-30T15:23:58","date_gmt":"2023-01-30T14:23:58","guid":{"rendered":"https:\/\/grunder-gaestehaus.de\/?page_id=11173"},"modified":"2023-03-25T12:28:23","modified_gmt":"2023-03-25T11:28:23","slug":"ticket-support","status":"publish","type":"page","link":"https:\/\/grunder-gaestehaus.de\/en_en\/ticket-support\/","title":{"rendered":"Ticket support"},"content":{"rendered":"<div data-elementor-type=\"wp-page\" data-elementor-id=\"11173\" class=\"elementor elementor-11173\" data-elementor-post-type=\"page\">\n\t\t\t\t\t\t<section data-particle_enable=\"false\" data-particle-mobile-disabled=\"false\" class=\"wd-negative-gap elementor-section elementor-top-section elementor-element elementor-element-12728033 elementor-section-boxed elementor-section-height-default elementor-section-height-default\" data-id=\"12728033\" data-element_type=\"section\" data-e-type=\"section\">\n\t\t\t\t\t\t<div class=\"elementor-container elementor-column-gap-default\">\n\t\t\t\t\t<div class=\"elementor-column elementor-col-100 elementor-top-column elementor-element elementor-element-6458a126\" data-id=\"6458a126\" data-element_type=\"column\" data-e-type=\"column\">\n\t\t\t<div class=\"elementor-widget-wrap elementor-element-populated\">\n\t\t\t\t\t\t<div class=\"elementor-element elementor-element-2f645fca elementor-widget elementor-widget-heading\" data-id=\"2f645fca\" data-element_type=\"widget\" data-e-type=\"widget\" data-widget_type=\"heading.default\">\n\t\t\t\t<div class=\"elementor-widget-container\">\n\t\t\t\t\t<h2 class=\"elementor-heading-title elementor-size-default\">Ticket support \/ cancellation request<\/h2>\t\t\t\t<\/div>\n\t\t\t\t<\/div>\n\t\t\t\t<div class=\"elementor-element elementor-element-2c964b24 color-scheme-inherit text-left elementor-widget elementor-widget-text-editor\" data-id=\"2c964b24\" data-element_type=\"widget\" data-e-type=\"widget\" data-widget_type=\"text-editor.default\">\n\t\t\t\t<div class=\"elementor-widget-container\">\n\t\t\t\t\t\t\t\t\t<p>Note: Please understand if the answer takes a little longer.<\/p><p>Cancellations of fully paid event ticket bookings are possible up to 48 hours before the start of the event. You will receive an online voucher for the booking amount within 7 days of the timely written cancellation request in order to participate in an event at a later date. This voucher is valid for 5 years.<\/p>\t\t\t\t\t\t\t\t<\/div>\n\t\t\t\t<\/div>\n\t\t\t\t\t<\/div>\n\t\t<\/div>\n\t\t\t\t\t<\/div>\n\t\t<\/section>\n\t\t\t\t<\/div>","protected":false},"excerpt":{"rendered":"<p>Ticket Support \/ Stornierungsanfrage Hinweis: Bitte haben Sie Verst\u00e4ndnis daf\u00fcr, wenn die Antwort einmal etwas l\u00e4nger dauert. Stornierungen von vollst\u00e4ndig<\/p>","protected":false},"author":1,"featured_media":0,"parent":0,"menu_order":0,"comment_status":"closed","ping_status":"closed","template":"","meta":{"footnotes":""},"class_list":["post-11173","page","type-page","status-publish","hentry"],"_links":{"self":[{"href":"https:\/\/grunder-gaestehaus.de\/en_en\/wp-json\/wp\/v2\/pages\/11173","targetHints":{"allow":["GET"]}}],"collection":[{"href":"https:\/\/grunder-gaestehaus.de\/en_en\/wp-json\/wp\/v2\/pages"}],"about":[{"href":"https:\/\/grunder-gaestehaus.de\/en_en\/wp-json\/wp\/v2\/types\/page"}],"author":[{"embeddable":true,"href":"https:\/\/grunder-gaestehaus.de\/en_en\/wp-json\/wp\/v2\/users\/1"}],"replies":[{"embeddable":true,"href":"https:\/\/grunder-gaestehaus.de\/en_en\/wp-json\/wp\/v2\/comments?post=11173"}],"version-history":[{"count":10,"href":"https:\/\/grunder-gaestehaus.de\/en_en\/wp-json\/wp\/v2\/pages\/11173\/revisions"}],"predecessor-version":[{"id":12259,"href":"https:\/\/grunder-gaestehaus.de\/en_en\/wp-json\/wp\/v2\/pages\/11173\/revisions\/12259"}],"wp:attachment":[{"href":"https:\/\/grunder-gaestehaus.de\/en_en\/wp-json\/wp\/v2\/media?parent=11173"}],"curies":[{"name":"wp","href":"https:\/\/api.w.org\/{rel}","templated":true}]}}