{"id":9222,"date":"2022-11-11T21:55:04","date_gmt":"2022-11-11T20:55:04","guid":{"rendered":"https:\/\/grunder-gaestehaus.de\/?page_id=9222"},"modified":"2022-11-18T00:58:54","modified_gmt":"2022-11-17T23:58:54","slug":"widerrufsrecht","status":"publish","type":"page","link":"https:\/\/grunder-gaestehaus.de\/en_en\/widerrufsrecht\/","title":{"rendered":"Right of cancellation"},"content":{"rendered":"<div data-elementor-type=\"wp-page\" data-elementor-id=\"9222\" class=\"elementor elementor-9222\" data-elementor-post-type=\"page\">\n\t\t\t\t\t\t<section data-particle_enable=\"false\" data-particle-mobile-disabled=\"false\" class=\"wd-negative-gap elementor-section elementor-top-section elementor-element elementor-element-eeff9ca elementor-section-boxed elementor-section-height-default elementor-section-height-default\" data-id=\"eeff9ca\" data-element_type=\"section\" data-e-type=\"section\">\n\t\t\t\t\t\t<div class=\"elementor-container elementor-column-gap-default\">\n\t\t\t\t\t<div class=\"elementor-column elementor-col-100 elementor-top-column elementor-element elementor-element-75cce62\" data-id=\"75cce62\" data-element_type=\"column\" data-e-type=\"column\">\n\t\t\t<div class=\"elementor-widget-wrap elementor-element-populated\">\n\t\t\t\t\t\t<div class=\"elementor-element elementor-element-d55e7d6 color-scheme-inherit text-left elementor-widget elementor-widget-text-editor\" data-id=\"d55e7d6\" data-element_type=\"widget\" data-e-type=\"widget\" data-widget_type=\"text-editor.default\">\n\t\t\t\t<div class=\"elementor-widget-container\">\n\t\t\t\t\t\t\t\t\t<header class=\"entry-header ast-no-thumbnail ast-no-meta\"><h2 class=\"entry-title\">Revocation<\/h2><\/header><div class=\"entry-content clear\"><div class=\"elementor elementor-838\" data-elementor-type=\"wp-page\" data-elementor-id=\"838\"><div class=\"elementor-inner\"><div class=\"elementor-section-wrap\"><section class=\"elementor-section elementor-top-section elementor-element elementor-element-1742e76 elementor-section-boxed elementor-section-height-default elementor-section-height-default\" data-id=\"1742e76\" data-element_type=\"section\"><div class=\"elementor-container elementor-column-gap-default\"><div class=\"elementor-row\"><div class=\"elementor-column elementor-col-100 elementor-top-column elementor-element elementor-element-a700b12\" data-id=\"a700b12\" data-element_type=\"column\"><div class=\"elementor-column-wrap elementor-element-populated\"><div class=\"elementor-widget-wrap\"><div class=\"elementor-element elementor-element-22b4adc elementor-widget elementor-widget-text-editor\" data-id=\"22b4adc\" data-element_type=\"widget\" data-widget_type=\"text-editor.default\"><div class=\"elementor-widget-container\"><div class=\"elementor-text-editor elementor-clearfix\"><p>Consumers are entitled to a right of cancellation in accordance with the following provisions, whereby a consumer is any natural person who concludes a legal transaction for purposes that can predominantly be attributed neither to their commercial nor their independent professional activity:<\/p><h2>A. Cancellation policy<\/h2><h3>Right of cancellation<\/h3><p>You have the right to cancel this contract within fourteen days without giving any reason.<\/p><p>The cancellation period is fourteen days from the day on which you or a third party named by you, who is not the carrier, took possession of the last goods.<\/p><p>To exercise the right to cancel, you must inform us (Grunder G\u00e4stehaus Bistro und Hotel GmbH &amp; Co. KG, Konrad-Zuse-Stra\u00dfe 8, 66459 Kirkel-Limbach, Germany, Tel.: 0684193480-0, Fax: 0684193480-23, E-Mail: info@grundergaestehaus.de) of your decision to withdraw from this contract by an unequivocal statement (e.g. a letter sent by post, fax or e-mail). You can use the attached sample cancellation form, but this is not mandatory.<\/p><p>To meet the cancellation deadline, it is sufficient for you to send your notification of exercising your right of cancellation before the cancellation period expires.<\/p><p><strong>Right of cancellation for event tickets<\/strong><br \/>There is no right of cancellation for our event tickets in accordance with \u00a7 312 b BGB. Section 312 b (3) No. 6 states: The provisions on distance contracts do not apply to contracts for the provision of services in the areas of accommodation, transport, delivery of food and drink and leisure activities if the entrepreneur undertakes to provide the service at a specific time or within a precisely specified period when the contract is concluded.<\/p><h3>Consequences of cancellation<\/h3><p>If you withdraw from this contract, we shall reimburse to you all payments received from you, including the costs of delivery (with the exception of the supplementary costs resulting from your choice of a type of delivery other than the least expensive type of standard delivery offered by us), without undue delay and in any event not later than 14 days from the day on which we are informed about your decision to withdraw from this contract. For this repayment, we will use the same means of payment that you used for the original transaction, unless expressly agreed otherwise with you; in no case will you be charged any fees for this repayment. We may withhold the refund until we have received the goods back or until you have provided proof that you have returned the goods, whichever is the earliest.<\/p><p>You must return or hand over the goods to us immediately and in any case within fourteen days at the latest from the day on which you inform us of the cancellation of this contract. The deadline is met if you dispatch the goods before the period of fourteen days has expired.<\/p><p>You bear the direct costs of returning the goods.<\/p><p>You only have to pay for any loss in value of the goods if this loss in value is due to handling of the goods that is not necessary for checking their condition, properties and functionality.<\/p><h3>Exclusion or premature expiry of the right of cancellation<\/h3><p>The right of cancellation does not apply to consumers who do not belong to a member state of the European Union at the time the contract is concluded and whose sole place of residence and delivery address are outside the European Union at the time the contract is concluded.<\/p><p>Unless otherwise agreed, there is no right of cancellation for contracts for the provision of services in connection with leisure activities if the contract provides for a specific date or period for the provision of services. Accordingly, a right of cancellation is also excluded for contracts relating to the sale of tickets for scheduled leisure events.<\/p><h3>General information<\/h3><p>1) Please avoid damaging or contaminating the goods. Please return the goods to us in their original packaging with all accessories and packaging components. If necessary, use protective outer packaging. If you no longer have the original packaging, please use suitable packaging to ensure adequate protection against transport damage.<br \/>2) Please do not send the goods back to us freight collect.<br \/>3) Please note that the aforementioned clauses 1-2 are not a prerequisite for the effective exercise of the right of cancellation.<\/p><h2>B. Cancellation form<\/h2><p>If you wish to cancel the contract, please complete and return this form.<\/p><p>To<\/p><p>Grunder Guesthouse Bistro and Hotel GmbH &amp; Co. KG<br \/>Konrad-Zuse-Strasse 8<br \/>66459 Kirkel-Limbach<br \/>Germany<br \/>Fax: 0684193480-23<br \/>E-mail: info@grundergaestehaus.de<\/p><p>I\/we (*) hereby cancel the contract concluded by me\/us (*) for the purchase of the following goods (*)\/the provision of the following service (*)<\/p><p>_______________________________________________________<\/p><p>_______________________________________________________<\/p><p>Ordered on (*) ____________ \/ received on (*) __________________<\/p><p>________________________________________________________<br \/>Name of the consumer(s)<\/p><p>________________________________________________________<br \/>Address of the consumer(s)<\/p><p>________________________________________________________<br \/>Signature of the consumer(s) (only for notification on paper)<\/p><p>_________________________<br \/>date<\/p><p>(*) Delete as appropriate<\/p><\/div><\/div><\/div><\/div><\/div><\/div><\/div><\/div><\/section><\/div><\/div><\/div><\/div>\t\t\t\t\t\t\t\t<\/div>\n\t\t\t\t<\/div>\n\t\t\t\t\t<\/div>\n\t\t<\/div>\n\t\t\t\t\t<\/div>\n\t\t<\/section>\n\t\t\t\t<\/div>","protected":false},"excerpt":{"rendered":"<p>Widerruf Verbrauchern steht ein Widerrufsrecht nach folgender Ma\u00dfgabe zu, wobei Verbraucher jede nat\u00fcrliche Person ist, die ein Rechtsgesch\u00e4ft zu Zwecken<\/p>","protected":false},"author":1,"featured_media":0,"parent":0,"menu_order":0,"comment_status":"closed","ping_status":"closed","template":"","meta":{"footnotes":""},"class_list":["post-9222","page","type-page","status-publish","hentry"],"_links":{"self":[{"href":"https:\/\/grunder-gaestehaus.de\/en_en\/wp-json\/wp\/v2\/pages\/9222","targetHints":{"allow":["GET"]}}],"collection":[{"href":"https:\/\/grunder-gaestehaus.de\/en_en\/wp-json\/wp\/v2\/pages"}],"about":[{"href":"https:\/\/grunder-gaestehaus.de\/en_en\/wp-json\/wp\/v2\/types\/page"}],"author":[{"embeddable":true,"href":"https:\/\/grunder-gaestehaus.de\/en_en\/wp-json\/wp\/v2\/users\/1"}],"replies":[{"embeddable":true,"href":"https:\/\/grunder-gaestehaus.de\/en_en\/wp-json\/wp\/v2\/comments?post=9222"}],"version-history":[{"count":8,"href":"https:\/\/grunder-gaestehaus.de\/en_en\/wp-json\/wp\/v2\/pages\/9222\/revisions"}],"predecessor-version":[{"id":9848,"href":"https:\/\/grunder-gaestehaus.de\/en_en\/wp-json\/wp\/v2\/pages\/9222\/revisions\/9848"}],"wp:attachment":[{"href":"https:\/\/grunder-gaestehaus.de\/en_en\/wp-json\/wp\/v2\/media?parent=9222"}],"curies":[{"name":"wp","href":"https:\/\/api.w.org\/{rel}","templated":true}]}}