{"id":11183,"date":"2023-01-30T15:26:09","date_gmt":"2023-01-30T14:26:09","guid":{"rendered":"https:\/\/grunder-gaestehaus.de\/?page_id=11183"},"modified":"2023-01-30T15:27:43","modified_gmt":"2023-01-30T14:27:43","slug":"allgemeine-anfrage","status":"publish","type":"page","link":"https:\/\/grunder-gaestehaus.de\/fr_fr\/allgemeine-anfrage\/","title":{"rendered":"Allgemeine Anfrage"},"content":{"rendered":"<div data-elementor-type=\"wp-page\" data-elementor-id=\"11183\" class=\"elementor elementor-11183\" data-elementor-post-type=\"page\">\n\t\t\t\t\t\t<section data-particle_enable=\"false\" data-particle-mobile-disabled=\"false\" class=\"wd-negative-gap elementor-section elementor-top-section elementor-element elementor-element-3504cba8 elementor-section-boxed elementor-section-height-default elementor-section-height-default\" data-id=\"3504cba8\" data-element_type=\"section\" data-e-type=\"section\">\n\t\t\t\t\t\t<div class=\"elementor-container elementor-column-gap-default\">\n\t\t\t\t\t<div class=\"elementor-column elementor-col-100 elementor-top-column elementor-element elementor-element-6aae58fc\" data-id=\"6aae58fc\" data-element_type=\"column\" data-e-type=\"column\">\n\t\t\t<div class=\"elementor-widget-wrap elementor-element-populated\">\n\t\t\t\t\t\t<div class=\"elementor-element elementor-element-7230f8de elementor-widget elementor-widget-heading\" data-id=\"7230f8de\" data-element_type=\"widget\" data-e-type=\"widget\" data-widget_type=\"heading.default\">\n\t\t\t\t<div class=\"elementor-widget-container\">\n\t\t\t\t\t<h2 class=\"elementor-heading-title elementor-size-default\">Allgemeine Anfrage<\/h2>\t\t\t\t<\/div>\n\t\t\t\t<\/div>\n\t\t\t\t<div class=\"elementor-element elementor-element-1cb9e97a color-scheme-inherit text-left elementor-widget elementor-widget-text-editor\" data-id=\"1cb9e97a\" data-element_type=\"widget\" data-e-type=\"widget\" data-widget_type=\"text-editor.default\">\n\t\t\t\t<div class=\"elementor-widget-container\">\n\t\t\t\t\t\t\t\t\t<p>Hinweis: Bitte haben Sie Verst\u00e4ndnis daf\u00fcr, wenn die Antwort einmal etwas l\u00e4nger dauert.<\/p>\t\t\t\t\t\t\t\t<\/div>\n\t\t\t\t<\/div>\n\t\t\t\t\t<\/div>\n\t\t<\/div>\n\t\t\t\t\t<\/div>\n\t\t<\/section>\n\t\t\t\t<\/div>","protected":false},"excerpt":{"rendered":"<p>Allgemeine Anfrage Hinweis: Bitte haben Sie Verst\u00e4ndnis daf\u00fcr, wenn die Antwort einmal etwas l\u00e4nger dauert. Name(erforderlich) Vorname Nachname Telefon E-Mail(erforderlich)<\/p>","protected":false},"author":1,"featured_media":0,"parent":0,"menu_order":0,"comment_status":"closed","ping_status":"closed","template":"","meta":{"footnotes":""},"class_list":["post-11183","page","type-page","status-publish","hentry"],"_links":{"self":[{"href":"https:\/\/grunder-gaestehaus.de\/fr_fr\/wp-json\/wp\/v2\/pages\/11183","targetHints":{"allow":["GET"]}}],"collection":[{"href":"https:\/\/grunder-gaestehaus.de\/fr_fr\/wp-json\/wp\/v2\/pages"}],"about":[{"href":"https:\/\/grunder-gaestehaus.de\/fr_fr\/wp-json\/wp\/v2\/types\/page"}],"author":[{"embeddable":true,"href":"https:\/\/grunder-gaestehaus.de\/fr_fr\/wp-json\/wp\/v2\/users\/1"}],"replies":[{"embeddable":true,"href":"https:\/\/grunder-gaestehaus.de\/fr_fr\/wp-json\/wp\/v2\/comments?post=11183"}],"version-history":[{"count":4,"href":"https:\/\/grunder-gaestehaus.de\/fr_fr\/wp-json\/wp\/v2\/pages\/11183\/revisions"}],"predecessor-version":[{"id":11189,"href":"https:\/\/grunder-gaestehaus.de\/fr_fr\/wp-json\/wp\/v2\/pages\/11183\/revisions\/11189"}],"wp:attachment":[{"href":"https:\/\/grunder-gaestehaus.de\/fr_fr\/wp-json\/wp\/v2\/media?parent=11183"}],"curies":[{"name":"wp","href":"https:\/\/api.w.org\/{rel}","templated":true}]}}