{"id":9207,"date":"2022-11-11T21:50:45","date_gmt":"2022-11-11T20:50:45","guid":{"rendered":"https:\/\/grunder-gaestehaus.de\/?page_id=9207"},"modified":"2025-07-18T10:29:43","modified_gmt":"2025-07-18T08:29:43","slug":"impressum","status":"publish","type":"page","link":"https:\/\/grunder-gaestehaus.de\/fr_fr\/impressum\/","title":{"rendered":"Mentions l\u00e9gales"},"content":{"rendered":"<div data-elementor-type=\"wp-page\" data-elementor-id=\"9207\" class=\"elementor elementor-9207\" data-elementor-post-type=\"page\">\n\t\t\t\t\t\t<section data-particle_enable=\"false\" data-particle-mobile-disabled=\"false\" class=\"wd-negative-gap elementor-section elementor-top-section elementor-element elementor-element-56f88f2 elementor-section-boxed elementor-section-height-default elementor-section-height-default\" data-id=\"56f88f2\" data-element_type=\"section\" data-e-type=\"section\">\n\t\t\t\t\t\t<div class=\"elementor-container elementor-column-gap-default\">\n\t\t\t\t\t<div class=\"elementor-column elementor-col-100 elementor-top-column elementor-element elementor-element-e4af0b1\" data-id=\"e4af0b1\" data-element_type=\"column\" data-e-type=\"column\">\n\t\t\t<div class=\"elementor-widget-wrap elementor-element-populated\">\n\t\t\t\t\t\t<div class=\"elementor-element elementor-element-1041084 color-scheme-inherit text-left elementor-widget elementor-widget-text-editor\" data-id=\"1041084\" data-element_type=\"widget\" data-e-type=\"widget\" data-widget_type=\"text-editor.default\">\n\t\t\t\t<div class=\"elementor-widget-container\">\n\t\t\t\t\t\t\t\t\t<div class=\"elementor-element elementor-element-a87a01f elementor-widget elementor-widget-heading\" data-id=\"a87a01f\" data-element_type=\"widget\" data-widget_type=\"heading.default\"><div class=\"elementor-widget-container\"><h2 class=\"elementor-heading-title elementor-size-default\">Mentions l\u00e9gales<\/h2><\/div><\/div><div class=\"elementor-element elementor-element-f54c76c elementor-widget elementor-widget-text-editor\" data-id=\"f54c76c\" data-element_type=\"widget\" data-widget_type=\"text-editor.default\"><div class=\"elementor-widget-container\"><div class=\"elementor-text-editor elementor-clearfix\"><p>Grunder G\u00e4stehaus Bistro und Hotel GmbH &amp; Co. KG<br \/>Konrad-Zuse-Stra\u00dfe 8<br \/>66459 Kirkel-Limbach<br \/>Deutschland<\/p><p>Tel.: 0684193480-0<br \/>Fax: 0684193480-23<br \/>E-Mail: info@grundergaestehaus.de<\/p><p>Registergericht: HRB19612<br \/>Registernummer: Amtsgericht Saarbr\u00fccken<\/p><p>Die Grunder G\u00e4stehaus Bistro und Hotel GmbH &amp; Co. KG wird vertreten durch die pers\u00f6nlich haftende Gesellschafterin: Grunder G\u00e4stehaus Bistro und Hotel Verwaltungs-GmbH, Registergericht: Amtsgericht Saarbr\u00fccken, HRA 11121. Diese wiederum wird vertreten durch den Gesch\u00e4ftsf\u00fchrer: Kai Grunder<\/p><p>\u00a0<\/p><\/div><\/div><\/div>\t\t\t\t\t\t\t\t<\/div>\n\t\t\t\t<\/div>\n\t\t\t\t\t<\/div>\n\t\t<\/div>\n\t\t\t\t\t<\/div>\n\t\t<\/section>\n\t\t\t\t<\/div>","protected":false},"excerpt":{"rendered":"<p>Impressum Grunder G\u00e4stehaus Bistro und Hotel GmbH &amp; Co. KGKonrad-Zuse-Stra\u00dfe 866459 Kirkel-LimbachDeutschland Tel.: 0684193480-0Fax: 0684193480-23E-Mail: info@grundergaestehaus.de Registergericht: HRB19612Registernummer: Amtsgericht Saarbr\u00fccken<\/p>","protected":false},"author":1,"featured_media":0,"parent":0,"menu_order":0,"comment_status":"closed","ping_status":"closed","template":"","meta":{"footnotes":""},"class_list":["post-9207","page","type-page","status-publish","hentry"],"_links":{"self":[{"href":"https:\/\/grunder-gaestehaus.de\/fr_fr\/wp-json\/wp\/v2\/pages\/9207","targetHints":{"allow":["GET"]}}],"collection":[{"href":"https:\/\/grunder-gaestehaus.de\/fr_fr\/wp-json\/wp\/v2\/pages"}],"about":[{"href":"https:\/\/grunder-gaestehaus.de\/fr_fr\/wp-json\/wp\/v2\/types\/page"}],"author":[{"embeddable":true,"href":"https:\/\/grunder-gaestehaus.de\/fr_fr\/wp-json\/wp\/v2\/users\/1"}],"replies":[{"embeddable":true,"href":"https:\/\/grunder-gaestehaus.de\/fr_fr\/wp-json\/wp\/v2\/comments?post=9207"}],"version-history":[{"count":10,"href":"https:\/\/grunder-gaestehaus.de\/fr_fr\/wp-json\/wp\/v2\/pages\/9207\/revisions"}],"predecessor-version":[{"id":20451,"href":"https:\/\/grunder-gaestehaus.de\/fr_fr\/wp-json\/wp\/v2\/pages\/9207\/revisions\/20451"}],"wp:attachment":[{"href":"https:\/\/grunder-gaestehaus.de\/fr_fr\/wp-json\/wp\/v2\/media?parent=9207"}],"curies":[{"name":"wp","href":"https:\/\/api.w.org\/{rel}","templated":true}]}}