{"id":9231,"date":"2022-11-11T21:57:46","date_gmt":"2022-11-11T20:57:46","guid":{"rendered":"https:\/\/grunder-gaestehaus.de\/?page_id=9231"},"modified":"2022-11-30T00:34:04","modified_gmt":"2022-11-29T23:34:04","slug":"zahlungsweisen","status":"publish","type":"page","link":"https:\/\/grunder-gaestehaus.de\/fr_fr\/zahlungsweisen\/","title":{"rendered":"Zahlungsweisen"},"content":{"rendered":"<div data-elementor-type=\"wp-page\" data-elementor-id=\"9231\" class=\"elementor elementor-9231\" data-elementor-post-type=\"page\">\n\t\t\t\t\t\t<section data-particle_enable=\"false\" data-particle-mobile-disabled=\"false\" class=\"wd-negative-gap elementor-section elementor-top-section elementor-element elementor-element-fabc43e elementor-section-boxed elementor-section-height-default elementor-section-height-default\" data-id=\"fabc43e\" data-element_type=\"section\" data-e-type=\"section\">\n\t\t\t\t\t\t<div class=\"elementor-container elementor-column-gap-default\">\n\t\t\t\t\t<div class=\"elementor-column elementor-col-100 elementor-top-column elementor-element elementor-element-e3f925d\" data-id=\"e3f925d\" data-element_type=\"column\" data-e-type=\"column\">\n\t\t\t<div class=\"elementor-widget-wrap elementor-element-populated\">\n\t\t\t\t\t\t<div class=\"elementor-element elementor-element-b1596ff color-scheme-inherit text-left elementor-widget elementor-widget-text-editor\" data-id=\"b1596ff\" data-element_type=\"widget\" data-e-type=\"widget\" data-widget_type=\"text-editor.default\">\n\t\t\t\t<div class=\"elementor-widget-container\">\n\t\t\t\t\t\t\t\t\t<header class=\"entry-header ast-no-thumbnail ast-no-meta\"><h2 class=\"entry-title\">Zahlungsweisen<\/h2><\/header><div class=\"entry-content clear\"><p><strong>Zahlungsarten<\/strong><\/p><p>Wir bieten Ihnen folgende Zahlungsarten an. Suchen Sie sich einfach die f\u00fcr Sie optimale Zahlart aus. Die in den jeweiligen Angeboten angef\u00fchrten Preise stellen Endpreise dar. Sie beinhalten alle Preisbestandteile einschlie\u00dflich etwaig anfallender Steuern wie Mehrwertsteuer. Nur bei grenz\u00fcberschreitender Lieferung k\u00f6nnen im Einzelfall weitere Steuern (z.B. im Falle eines innergemeinschaftlichen Erwerbs) und\/oder Abgaben (z.B. Z\u00f6lle) von Ihnen zu zahlen sein, jedoch nicht an den Verk\u00e4ufer, sondern an die dort zust\u00e4ndigen Zoll- bzw. Steuerbeh\u00f6rden. Die anfallenden Liefer- und Versandkosten sind nicht im Kaufpreis enthalten, sie sind \u00fcber die Seite \u201eVersandkosten\u201c aufrufbar, werden im Laufe des Bestellvorganges gesondert ausgewiesen und sind von Ihnen zus\u00e4tzlich zu tragen.<\/p><p><em>Kreditkarte<\/em><\/p><p>Zahlen Sie ganz einfach per Kreditkarte. Dazu nutzen wir den Dienstleister Stripe.<\/p><p><em>Giropay<\/em><\/p><p>Zahlen Sie ganz einfach per Giropay. Dazu nutzen wir den Dienstleister Stripe.<\/p><p><em>PayPal<\/em><\/p><p>Noch schneller und sicherer bezahlen mit ihrem PayPal-Konto.<\/p><\/div><header class=\"entry-header ast-no-thumbnail ast-no-meta\"><h2 class=\"entry-title\">Versand &amp; Lieferung<\/h2><\/header><div class=\"entry-content clear\"><p><strong>Preise, Versandkosten und Lieferinformationen<\/strong><\/p><p>Die auf den Produktseiten genannten Preise enthalten die gesetzliche Mehrwertsteuer und sonstige Preisbestandteile.<\/p><p>Die Versandkosten werden Ihnen im Warenkorbsystem und auf der Bestellseite nochmals deutlich mitgeteilt.<\/p><p>F\u00fcr digitale Inhalte (E-Books, Software, Tickets etc.) fallen keine Versandkosten an.<\/p><\/div>\t\t\t\t\t\t\t\t<\/div>\n\t\t\t\t<\/div>\n\t\t\t\t\t<\/div>\n\t\t<\/div>\n\t\t\t\t\t<\/div>\n\t\t<\/section>\n\t\t\t\t<\/div>","protected":false},"excerpt":{"rendered":"<p>Zahlungsweisen Zahlungsarten Wir bieten Ihnen folgende Zahlungsarten an. Suchen Sie sich einfach die f\u00fcr Sie optimale Zahlart aus. Die in<\/p>","protected":false},"author":1,"featured_media":0,"parent":0,"menu_order":0,"comment_status":"closed","ping_status":"closed","template":"","meta":{"footnotes":""},"class_list":["post-9231","page","type-page","status-publish","hentry"],"_links":{"self":[{"href":"https:\/\/grunder-gaestehaus.de\/fr_fr\/wp-json\/wp\/v2\/pages\/9231","targetHints":{"allow":["GET"]}}],"collection":[{"href":"https:\/\/grunder-gaestehaus.de\/fr_fr\/wp-json\/wp\/v2\/pages"}],"about":[{"href":"https:\/\/grunder-gaestehaus.de\/fr_fr\/wp-json\/wp\/v2\/types\/page"}],"author":[{"embeddable":true,"href":"https:\/\/grunder-gaestehaus.de\/fr_fr\/wp-json\/wp\/v2\/users\/1"}],"replies":[{"embeddable":true,"href":"https:\/\/grunder-gaestehaus.de\/fr_fr\/wp-json\/wp\/v2\/comments?post=9231"}],"version-history":[{"count":10,"href":"https:\/\/grunder-gaestehaus.de\/fr_fr\/wp-json\/wp\/v2\/pages\/9231\/revisions"}],"predecessor-version":[{"id":10028,"href":"https:\/\/grunder-gaestehaus.de\/fr_fr\/wp-json\/wp\/v2\/pages\/9231\/revisions\/10028"}],"wp:attachment":[{"href":"https:\/\/grunder-gaestehaus.de\/fr_fr\/wp-json\/wp\/v2\/media?parent=9231"}],"curies":[{"name":"wp","href":"https:\/\/api.w.org\/{rel}","templated":true}]}}