{"id":9636,"date":"2022-11-17T19:43:01","date_gmt":"2022-11-17T18:43:01","guid":{"rendered":"https:\/\/grunder-gaestehaus.de\/?page_id=9636"},"modified":"2026-04-16T16:48:45","modified_gmt":"2026-04-16T14:48:45","slug":"bistro-zuse-8","status":"publish","type":"page","link":"https:\/\/grunder-gaestehaus.de\/fr_fr\/bistro-zuse-8\/","title":{"rendered":"Bistro Zuse 8"},"content":{"rendered":"<div data-elementor-type=\"wp-page\" data-elementor-id=\"9636\" class=\"elementor elementor-9636\" data-elementor-post-type=\"page\">\n\t\t\t\t\t\t<section data-particle_enable=\"false\" data-particle-mobile-disabled=\"false\" class=\"wd-negative-gap elementor-section elementor-top-section elementor-element elementor-element-4032b35 elementor-section-boxed elementor-section-height-default elementor-section-height-default\" data-id=\"4032b35\" data-element_type=\"section\" data-e-type=\"section\">\n\t\t\t\t\t\t<div class=\"elementor-container elementor-column-gap-default\">\n\t\t\t\t\t<div class=\"elementor-column elementor-col-50 elementor-top-column elementor-element elementor-element-1e29dd8\" data-id=\"1e29dd8\" data-element_type=\"column\" data-e-type=\"column\">\n\t\t\t<div class=\"elementor-widget-wrap elementor-element-populated\">\n\t\t\t\t\t\t<div class=\"elementor-element elementor-element-d70cfac elementor-widget elementor-widget-heading\" data-id=\"d70cfac\" data-element_type=\"widget\" data-e-type=\"widget\" data-widget_type=\"heading.default\">\n\t\t\t\t<div class=\"elementor-widget-container\">\n\t\t\t\t\t<h2 class=\"elementor-heading-title elementor-size-default\">BISTRO ZUSE 8<\/h2>\t\t\t\t<\/div>\n\t\t\t\t<\/div>\n\t\t\t\t<div class=\"elementor-element elementor-element-17f432f elementor-widget elementor-widget-heading\" data-id=\"17f432f\" data-element_type=\"widget\" data-e-type=\"widget\" data-widget_type=\"heading.default\">\n\t\t\t\t<div class=\"elementor-widget-container\">\n\t\t\t\t\t<h2 class=\"elementor-heading-title elementor-size-default\">Einfach mal die Seele baumeln lassen<\/h2>\t\t\t\t<\/div>\n\t\t\t\t<\/div>\n\t\t\t\t<div class=\"elementor-element elementor-element-a112984 color-scheme-inherit text-left elementor-widget elementor-widget-text-editor\" data-id=\"a112984\" data-element_type=\"widget\" data-e-type=\"widget\" data-widget_type=\"text-editor.default\">\n\t\t\t\t<div class=\"elementor-widget-container\">\n\t\t\t\t\t\t\t\t\t<p>In unserem modern gestalteten Bistro Zuse8 ist das\u00a0ganz einfach. Genie\u00dfen Sie den Feierabend oder das Wochenende mit leckeren Burgern, saftigen Steaks, Schnitzel, Pasta oder Salaten, Drinks und guten Gespr\u00e4chen. Bei einem Glas Wein, Cocktails und einem sch\u00f6nen Dinner\u00a0k\u00f6nnen Sie den Alltag mal Alltag sein lassen und sich zur\u00fccklehnen und entspannen. Wir freuen uns auf Sie!<\/p><p><strong>Aktionen und Angebote:<\/strong><\/p><ul><li>Montag &#8211; Freitag wechselnde<strong> Tagesgerichte<\/strong> zur Auswahl ab 13,90 \u20ac<\/li><li><strong>Fr\u00fchst\u00fcck<\/strong> in Buffetform \u2013 Montag bis Freitag von 8:00 bis 10:00 Uhr f\u00fcr nur 16,90 \u20ac pro Person<\/li><li><strong>Sonn- und Feiertag Genie\u00dfer-Brunchbuffet:<\/strong>\u00a0All Inklusive \u2013 bitte entnehmen Sie die Preise in unseren Event Terminen.<\/li><\/ul>\t\t\t\t\t\t\t\t<\/div>\n\t\t\t\t<\/div>\n\t\t\t\t<div class=\"elementor-element elementor-element-8b33e69 elementor-widget__width-auto elementor-hidden-desktop elementor-hidden-tablet elementor-hidden-mobile elementor-widget elementor-widget-button\" data-id=\"8b33e69\" data-element_type=\"widget\" data-e-type=\"widget\" data-widget_type=\"button.default\">\n\t\t\t\t<div class=\"elementor-widget-container\">\n\t\t\t\t\t\t\t\t\t<div class=\"elementor-button-wrapper\">\n\t\t\t\t\t<a class=\"elementor-button elementor-button-link elementor-size-sm\" href=\"#reservierung\">\n\t\t\t\t\t\t<span class=\"elementor-button-content-wrapper\">\n\t\t\t\t\t\t\t\t\t<span class=\"elementor-button-text\">Reservierungsanfrage<\/span>\n\t\t\t\t\t<\/span>\n\t\t\t\t\t<\/a>\n\t\t\t\t<\/div>\n\t\t\t\t\t\t\t\t<\/div>\n\t\t\t\t<\/div>\n\t\t\t\t<div class=\"elementor-element elementor-element-75b5858 elementor-widget__width-auto elementor-widget elementor-widget-button\" data-id=\"75b5858\" data-element_type=\"widget\" data-e-type=\"widget\" data-widget_type=\"button.default\">\n\t\t\t\t<div class=\"elementor-widget-container\">\n\t\t\t\t\t\t\t\t\t<div class=\"elementor-button-wrapper\">\n\t\t\t\t\t<a class=\"elementor-button elementor-button-link elementor-size-sm\" href=\"https:\/\/grunder-gaestehaus.de\/wp-content\/uploads\/2024\/11\/Grunder-Gourmet20-11-2024-120515.pdf\" target=\"_blank\">\n\t\t\t\t\t\t<span class=\"elementor-button-content-wrapper\">\n\t\t\t\t\t\t\t\t\t<span class=\"elementor-button-text\">Aktuelle Speisekarte<\/span>\n\t\t\t\t\t<\/span>\n\t\t\t\t\t<\/a>\n\t\t\t\t<\/div>\n\t\t\t\t\t\t\t\t<\/div>\n\t\t\t\t<\/div>\n\t\t\t\t<div class=\"elementor-element elementor-element-995568b elementor-widget__width-auto elementor-hidden-desktop elementor-hidden-tablet elementor-hidden-mobile elementor-widget elementor-widget-button\" data-id=\"995568b\" data-element_type=\"widget\" data-e-type=\"widget\" data-widget_type=\"button.default\">\n\t\t\t\t<div class=\"elementor-widget-container\">\n\t\t\t\t\t\t\t\t\t<div class=\"elementor-button-wrapper\">\n\t\t\t\t\t<a class=\"elementor-button elementor-button-link elementor-size-sm\" href=\"https:\/\/grunder-gaestehaus.de\/wp-content\/uploads\/2024\/04\/Empfehlung-des-Monats-April-2024.pdf\" target=\"_blank\">\n\t\t\t\t\t\t<span class=\"elementor-button-content-wrapper\">\n\t\t\t\t\t\t\t\t\t<span class=\"elementor-button-text\">Monatskarte April<\/span>\n\t\t\t\t\t<\/span>\n\t\t\t\t\t<\/a>\n\t\t\t\t<\/div>\n\t\t\t\t\t\t\t\t<\/div>\n\t\t\t\t<\/div>\n\t\t\t\t<div class=\"elementor-element elementor-element-ce66a6e elementor-widget elementor-widget-image\" data-id=\"ce66a6e\" data-element_type=\"widget\" data-e-type=\"widget\" data-widget_type=\"image.default\">\n\t\t\t\t<div class=\"elementor-widget-container\">\n\t\t\t\t\t\t\t\t\t\t\t\t\t\t\t<img decoding=\"async\" width=\"800\" height=\"502\" src=\"https:\/\/grunder-gaestehaus.de\/wp-content\/themes\/woodmart\/images\/lazy.svg\" class=\"attachment-large size-large wp-image-18345 wd-lazy-fade\" alt=\"\" srcset=\"\" sizes=\"(max-width: 800px) 100vw, 800px\" data-src=\"https:\/\/grunder-gaestehaus.de\/wp-content\/uploads\/2025\/01\/20240302_121618.jpg\" data-srcset=\"https:\/\/grunder-gaestehaus.de\/wp-content\/uploads\/2025\/01\/20240302_121618.jpg 800w, https:\/\/grunder-gaestehaus.de\/wp-content\/uploads\/2025\/01\/20240302_121618-400x251.jpg 400w, https:\/\/grunder-gaestehaus.de\/wp-content\/uploads\/2025\/01\/20240302_121618-768x482.jpg 768w, https:\/\/grunder-gaestehaus.de\/wp-content\/uploads\/2025\/01\/20240302_121618-18x12.jpg 18w\" \/>\t\t\t\t\t\t\t\t\t\t\t\t\t\t\t<\/div>\n\t\t\t\t<\/div>\n\t\t\t\t<div class=\"elementor-element elementor-element-29b5353 elementor-widget elementor-widget-image\" data-id=\"29b5353\" data-element_type=\"widget\" data-e-type=\"widget\" data-widget_type=\"image.default\">\n\t\t\t\t<div class=\"elementor-widget-container\">\n\t\t\t\t\t\t\t\t\t\t\t\t\t\t\t<img decoding=\"async\" width=\"800\" height=\"446\" src=\"https:\/\/grunder-gaestehaus.de\/wp-content\/themes\/woodmart\/images\/lazy.svg\" class=\"attachment-large size-large wp-image-18344 wd-lazy-fade\" alt=\"\" srcset=\"\" sizes=\"(max-width: 800px) 100vw, 800px\" data-src=\"https:\/\/grunder-gaestehaus.de\/wp-content\/uploads\/2025\/01\/20240110_173636.jpg\" data-srcset=\"https:\/\/grunder-gaestehaus.de\/wp-content\/uploads\/2025\/01\/20240110_173636.jpg 800w, https:\/\/grunder-gaestehaus.de\/wp-content\/uploads\/2025\/01\/20240110_173636-400x223.jpg 400w, https:\/\/grunder-gaestehaus.de\/wp-content\/uploads\/2025\/01\/20240110_173636-768x428.jpg 768w, https:\/\/grunder-gaestehaus.de\/wp-content\/uploads\/2025\/01\/20240110_173636-18x10.jpg 18w\" \/>\t\t\t\t\t\t\t\t\t\t\t\t\t\t\t<\/div>\n\t\t\t\t<\/div>\n\t\t\t\t\t<\/div>\n\t\t<\/div>\n\t\t\t\t<div class=\"elementor-column elementor-col-50 elementor-top-column elementor-element elementor-element-48fd13f\" data-id=\"48fd13f\" data-element_type=\"column\" data-e-type=\"column\">\n\t\t\t<div class=\"elementor-widget-wrap elementor-element-populated\">\n\t\t\t\t\t\t<div class=\"elementor-element elementor-element-bf3f70b elementor-widget elementor-widget-image\" data-id=\"bf3f70b\" data-element_type=\"widget\" data-e-type=\"widget\" data-widget_type=\"image.default\">\n\t\t\t\t<div class=\"elementor-widget-container\">\n\t\t\t\t\t\t\t\t\t\t\t\t\t\t\t<img decoding=\"async\" width=\"1024\" height=\"538\" src=\"https:\/\/grunder-gaestehaus.de\/wp-content\/themes\/woodmart\/images\/lazy.svg\" class=\"attachment-full size-full wp-image-9542 wd-lazy-fade\" alt=\"\" srcset=\"\" sizes=\"(max-width: 1024px) 100vw, 1024px\" data-src=\"https:\/\/grunder-gaestehaus.de\/wp-content\/uploads\/2022\/11\/IMG_0427-1024x538-1.jpg\" data-srcset=\"https:\/\/grunder-gaestehaus.de\/wp-content\/uploads\/2022\/11\/IMG_0427-1024x538-1.jpg 1024w, https:\/\/grunder-gaestehaus.de\/wp-content\/uploads\/2022\/11\/IMG_0427-1024x538-1-1000x525.jpg 1000w, https:\/\/grunder-gaestehaus.de\/wp-content\/uploads\/2022\/11\/IMG_0427-1024x538-1-400x210.jpg 400w, https:\/\/grunder-gaestehaus.de\/wp-content\/uploads\/2022\/11\/IMG_0427-1024x538-1-768x404.jpg 768w, https:\/\/grunder-gaestehaus.de\/wp-content\/uploads\/2022\/11\/IMG_0427-1024x538-1-18x9.jpg 18w\" \/>\t\t\t\t\t\t\t\t\t\t\t\t\t\t\t<\/div>\n\t\t\t\t<\/div>\n\t\t\t\t<div class=\"elementor-element elementor-element-08712a1 elementor-widget elementor-widget-heading\" data-id=\"08712a1\" data-element_type=\"widget\" data-e-type=\"widget\" data-widget_type=\"heading.default\">\n\t\t\t\t<div class=\"elementor-widget-container\">\n\t\t\t\t\t<h2 class=\"elementor-heading-title elementor-size-default\">\u00d6ffnungszeiten<\/h2>\t\t\t\t<\/div>\n\t\t\t\t<\/div>\n\t\t\t\t<div class=\"elementor-element elementor-element-3770a49 color-scheme-inherit text-left elementor-widget elementor-widget-text-editor\" data-id=\"3770a49\" data-element_type=\"widget\" data-e-type=\"widget\" data-widget_type=\"text-editor.default\">\n\t\t\t\t<div class=\"elementor-widget-container\">\n\t\t\t\t\t\t\t\t\t<p><strong>\u00d6ffnungszeiten<\/strong><\/p><div dir=\"auto\"><p>Du lundi au vendredi : 11h30-23h00<\/p><\/div><p>Horaires de cuisine :<br \/>Lundi \u00e0 vendredi : 12:00 - 14:30 17:30 - 21:30<\/p><p>Jeden Mittag und Abend ein wechselndes Tagesessen.<\/p><p><strong>Sonn- und Feiertag Genie\u00dfer-Brunchbuffet 11:00 bis 14:30 Uhr<br \/><\/strong>inkl. Getr\u00e4nke \u2013 bitte entnehmen Sie die Preise in unseren Event Terminen.<\/p><p>Le bistrot est ferm\u00e9 le samedi et le dimanche.<\/p>\t\t\t\t\t\t\t\t<\/div>\n\t\t\t\t<\/div>\n\t\t\t\t<div class=\"elementor-element elementor-element-7524a1b elementor-widget__width-initial elementor-widget elementor-widget-button\" data-id=\"7524a1b\" data-element_type=\"widget\" data-e-type=\"widget\" data-widget_type=\"button.default\">\n\t\t\t\t<div class=\"elementor-widget-container\">\n\t\t\t\t\t\t\t\t\t<div class=\"elementor-button-wrapper\">\n\t\t\t\t\t<a class=\"elementor-button elementor-button-link elementor-size-sm\" href=\"https:\/\/grunder-gaestehaus.de\/fr_fr\/events\/\">\n\t\t\t\t\t\t<span class=\"elementor-button-content-wrapper\">\n\t\t\t\t\t\t\t\t\t<span class=\"elementor-button-text\">Zu den Events<\/span>\n\t\t\t\t\t<\/span>\n\t\t\t\t\t<\/a>\n\t\t\t\t<\/div>\n\t\t\t\t\t\t\t\t<\/div>\n\t\t\t\t<\/div>\n\t\t\t\t<div class=\"elementor-element elementor-element-c2d2d6b elementor-widget__width-initial elementor-align-right elementor-widget elementor-widget-button\" data-id=\"c2d2d6b\" data-element_type=\"widget\" data-e-type=\"widget\" data-widget_type=\"button.default\">\n\t\t\t\t<div class=\"elementor-widget-container\">\n\t\t\t\t\t\t\t\t\t<div class=\"elementor-button-wrapper\">\n\t\t\t\t\t<a class=\"elementor-button elementor-button-link elementor-size-sm\" href=\"https:\/\/grunder-gaestehaus.de\/fr_fr\/categorie-produit\/veranstaltungen\/\">\n\t\t\t\t\t\t<span class=\"elementor-button-content-wrapper\">\n\t\t\t\t\t\t\t\t\t<span class=\"elementor-button-text\">R\u00e9server un brunch gourmand<\/span>\n\t\t\t\t\t<\/span>\n\t\t\t\t\t<\/a>\n\t\t\t\t<\/div>\n\t\t\t\t\t\t\t\t<\/div>\n\t\t\t\t<\/div>\n\t\t\t\t<div class=\"elementor-element elementor-element-16caf18 elementor-widget elementor-widget-image\" data-id=\"16caf18\" data-element_type=\"widget\" data-e-type=\"widget\" data-widget_type=\"image.default\">\n\t\t\t\t<div class=\"elementor-widget-container\">\n\t\t\t\t\t\t\t\t\t\t\t\t\t\t\t<img decoding=\"async\" width=\"1024\" height=\"576\" src=\"https:\/\/grunder-gaestehaus.de\/wp-content\/themes\/woodmart\/images\/lazy.svg\" class=\"attachment-large size-large wp-image-9521 wd-lazy-fade\" alt=\"\" srcset=\"\" sizes=\"(max-width: 1024px) 100vw, 1024px\" data-src=\"https:\/\/grunder-gaestehaus.de\/wp-content\/uploads\/2022\/11\/20200724_110356-1024x576-1.jpg\" data-srcset=\"https:\/\/grunder-gaestehaus.de\/wp-content\/uploads\/2022\/11\/20200724_110356-1024x576-1.jpg 1024w, https:\/\/grunder-gaestehaus.de\/wp-content\/uploads\/2022\/11\/20200724_110356-1024x576-1-1000x563.jpg 1000w, https:\/\/grunder-gaestehaus.de\/wp-content\/uploads\/2022\/11\/20200724_110356-1024x576-1-400x225.jpg 400w, https:\/\/grunder-gaestehaus.de\/wp-content\/uploads\/2022\/11\/20200724_110356-1024x576-1-768x432.jpg 768w, https:\/\/grunder-gaestehaus.de\/wp-content\/uploads\/2022\/11\/20200724_110356-1024x576-1-18x10.jpg 18w\" \/>\t\t\t\t\t\t\t\t\t\t\t\t\t\t\t<\/div>\n\t\t\t\t<\/div>\n\t\t\t\t\t<\/div>\n\t\t<\/div>\n\t\t\t\t\t<\/div>\n\t\t<\/section>\n\t\t\t\t<section data-particle_enable=\"false\" data-particle-mobile-disabled=\"false\" class=\"wd-negative-gap elementor-section elementor-top-section elementor-element elementor-element-5fae872 elementor-section-stretched elementor-section-boxed elementor-section-height-default elementor-section-height-default\" data-id=\"5fae872\" data-element_type=\"section\" data-e-type=\"section\" data-settings=\"{&quot;stretch_section&quot;:&quot;section-stretched&quot;,&quot;background_background&quot;:&quot;classic&quot;}\">\n\t\t\t\t\t\t<div class=\"elementor-container elementor-column-gap-default\">\n\t\t\t\t\t<div class=\"elementor-column elementor-col-100 elementor-top-column elementor-element elementor-element-d2d1a72\" data-id=\"d2d1a72\" data-element_type=\"column\" data-e-type=\"column\">\n\t\t\t<div class=\"elementor-widget-wrap elementor-element-populated\">\n\t\t\t\t\t\t<div class=\"elementor-element elementor-element-eff1fb4 elementor-widget elementor-widget-eael-testimonial\" data-id=\"eff1fb4\" data-element_type=\"widget\" data-e-type=\"widget\" data-widget_type=\"eael-testimonial.default\">\n\t\t\t\t<div class=\"elementor-widget-container\">\n\t\t\t\t\t\n\t<div id=\"eael-testimonial-eff1fb4\" class=\"eael-testimonial-item clearfix  default-style rating-five\">\n\t\t\t\t\n\t\t\n\t\t\t\t\t\t\t\t<div class=\"eael-testimonial-image\">\n\t\t\t\t\t\t\t\t\t<figure><img decoding=\"async\" class=\"wd-lazy-fade\" src=\"https:\/\/grunder-gaestehaus.de\/wp-content\/themes\/woodmart\/images\/lazy.svg\" data-src=\"https:\/\/grunder-gaestehaus.de\/wp-content\/uploads\/elementor\/thumbs\/Google_2015_logo.svg-2-qzwbglz7jfvz2uqgvsy1aqgtfw6b26mubh62mh3e5w.png\" title=\"Google_2015_logo.svg-2\" alt=\"Google_2015_logo.svg-2\" loading=\"lazy\" \/><\/figure>\n\t\t\t\t\t\t\t<\/div>\n\t\t\t\t\t\t<div class=\"eael-testimonial-content\">\n\t\t\t\t<div class=\"eael-testimonial-text\"><h2 class=\"elementor-heading-title elementor-size-large\">Gutes Essen und tolle Events<\/h2><p>Top Service Gutes Essen ! Update ein Jahr sp\u00e4ter ! Essen wie immer sehr sehr fein. Ein Lob f\u00fcr die K\u00fcche ! Service auch noch auf h\u00f6chsten Niveau ! Immer wieder gerne!<\/p><\/div>\t\t<ul class=\"testimonial-star-rating\">\n\t\t\t<li><i class=\"fas fa-star\" aria-hidden=\"true\"><\/i><\/li>\n\t\t\t<li><i class=\"fas fa-star\" aria-hidden=\"true\"><\/i><\/li>\n\t\t\t<li><i class=\"fas fa-star\" aria-hidden=\"true\"><\/i><\/li>\n\t\t\t<li><i class=\"fas fa-star\" aria-hidden=\"true\"><\/i><\/li>\n\t\t\t<li><i class=\"fas fa-star\" aria-hidden=\"true\"><\/i><\/li>\n\t\t<\/ul>\n\t\t<p class=\"eael-testimonial-user\">Google Bewertung<\/p>\t\t\t<\/div>\n\t\t\n\t\t\n\t\t\n\t\t\n\t\t\n\t\t\n\t\t<span class=\"eael-testimonial-quote\"><\/span>\n\t<\/div>\n\n\t\t\t\t\t<\/div>\n\t\t\t\t<\/div>\n\t\t\t\t<div class=\"elementor-element elementor-element-c3eca12 elementor-widget elementor-widget-menu-anchor\" data-id=\"c3eca12\" data-element_type=\"widget\" data-e-type=\"widget\" data-widget_type=\"menu-anchor.default\">\n\t\t\t\t<div class=\"elementor-widget-container\">\n\t\t\t\t\t\t\t<div class=\"elementor-menu-anchor\" id=\"reservierung\"><\/div>\n\t\t\t\t\t\t<\/div>\n\t\t\t\t<\/div>\n\t\t\t\t\t<\/div>\n\t\t<\/div>\n\t\t\t\t\t<\/div>\n\t\t<\/section>\n\t\t\t\t<section data-particle_enable=\"false\" data-particle-mobile-disabled=\"false\" class=\"wd-negative-gap elementor-section elementor-top-section elementor-element elementor-element-aa8faa7 elementor-section-boxed elementor-section-height-default elementor-section-height-default\" data-id=\"aa8faa7\" data-element_type=\"section\" data-e-type=\"section\">\n\t\t\t\t\t\t<div class=\"elementor-container elementor-column-gap-default\">\n\t\t\t\t\t<div class=\"elementor-column elementor-col-100 elementor-top-column elementor-element elementor-element-8110be0\" data-id=\"8110be0\" data-element_type=\"column\" data-e-type=\"column\">\n\t\t\t<div class=\"elementor-widget-wrap elementor-element-populated\">\n\t\t\t\t\t\t<div class=\"elementor-element elementor-element-3c0ee88 elementor-widget elementor-widget-heading\" data-id=\"3c0ee88\" data-element_type=\"widget\" data-e-type=\"widget\" data-widget_type=\"heading.default\">\n\t\t\t\t<div class=\"elementor-widget-container\">\n\t\t\t\t\t<h2 class=\"elementor-heading-title elementor-size-default\">Reservierungsanfrage<\/h2>\t\t\t\t<\/div>\n\t\t\t\t<\/div>\n\t\t\t\t\t<\/div>\n\t\t<\/div>\n\t\t\t\t\t<\/div>\n\t\t<\/section>\n\t\t\t\t<section data-particle_enable=\"false\" data-particle-mobile-disabled=\"false\" class=\"elementor-section elementor-top-section elementor-element elementor-element-3495842 elementor-section-stretched elementor-section-boxed elementor-section-height-default elementor-section-height-default\" data-id=\"3495842\" data-element_type=\"section\" data-e-type=\"section\" data-settings=\"{&quot;stretch_section&quot;:&quot;section-stretched&quot;,&quot;background_background&quot;:&quot;classic&quot;}\">\n\t\t\t\t\t\t<div class=\"elementor-container elementor-column-gap-default\">\n\t\t\t\t\t<div class=\"elementor-column elementor-col-100 elementor-top-column elementor-element elementor-element-b8c26c2\" data-id=\"b8c26c2\" data-element_type=\"column\" data-e-type=\"column\">\n\t\t\t<div class=\"elementor-widget-wrap elementor-element-populated\">\n\t\t\t\t\t\t<div class=\"elementor-element elementor-element-2befab5 elementor-widget elementor-widget-image-carousel\" data-id=\"2befab5\" data-element_type=\"widget\" data-e-type=\"widget\" data-settings=\"{&quot;slides_to_show&quot;:&quot;3&quot;,&quot;navigation&quot;:&quot;none&quot;,&quot;autoplay_speed&quot;:2500,&quot;slides_to_show_mobile&quot;:&quot;2&quot;,&quot;autoplay&quot;:&quot;yes&quot;,&quot;pause_on_hover&quot;:&quot;yes&quot;,&quot;pause_on_interaction&quot;:&quot;yes&quot;,&quot;infinite&quot;:&quot;yes&quot;,&quot;speed&quot;:500,&quot;image_spacing_custom&quot;:{&quot;unit&quot;:&quot;px&quot;,&quot;size&quot;:20,&quot;sizes&quot;:[]},&quot;image_spacing_custom_tablet&quot;:{&quot;unit&quot;:&quot;px&quot;,&quot;size&quot;:&quot;&quot;,&quot;sizes&quot;:[]},&quot;image_spacing_custom_mobile&quot;:{&quot;unit&quot;:&quot;px&quot;,&quot;size&quot;:&quot;&quot;,&quot;sizes&quot;:[]}}\" data-widget_type=\"image-carousel.default\">\n\t\t\t\t<div class=\"elementor-widget-container\">\n\t\t\t\t\t\t\t<div class=\"elementor-image-carousel-wrapper swiper\" role=\"region\" aria-roledescription=\"carousel\" aria-label=\"Image Carrousel\" dir=\"ltr\">\n\t\t\t<div class=\"elementor-image-carousel swiper-wrapper\" aria-live=\"off\">\n\t\t\t\t\t\t\t\t<div class=\"swiper-slide\" role=\"group\" aria-roledescription=\"slide\" aria-label=\"1 de 5\"><figure class=\"swiper-slide-inner\"><img decoding=\"async\" class=\"swiper-slide-image\" src=\"https:\/\/grunder-gaestehaus.de\/wp-content\/uploads\/2022\/11\/DSC00394-2-scaled.jpeg\" alt=\"Bistro Zuse 8\" \/><\/figure><\/div><div class=\"swiper-slide\" role=\"group\" aria-roledescription=\"slide\" aria-label=\"2 sur 5\"><figure class=\"swiper-slide-inner\"><img decoding=\"async\" class=\"swiper-slide-image\" src=\"https:\/\/grunder-gaestehaus.de\/wp-content\/uploads\/2022\/11\/DSC00378-2-scaled.jpeg\" alt=\"Bistro Zuse 8\" \/><\/figure><\/div><div class=\"swiper-slide\" role=\"group\" aria-roledescription=\"slide\" aria-label=\"3 sur 5\"><figure class=\"swiper-slide-inner\"><img decoding=\"async\" class=\"swiper-slide-image\" src=\"https:\/\/grunder-gaestehaus.de\/wp-content\/uploads\/2022\/11\/DSC00301-2-scaled.jpeg\" alt=\"Bistro Zuse 8\" \/><\/figure><\/div><div class=\"swiper-slide\" role=\"group\" aria-roledescription=\"slide\" aria-label=\"4 sur 5\"><figure class=\"swiper-slide-inner\"><img decoding=\"async\" class=\"swiper-slide-image\" src=\"https:\/\/grunder-gaestehaus.de\/wp-content\/uploads\/2022\/11\/DSC00280-2-scaled.jpeg\" alt=\"Bistro Zuse 8\" \/><\/figure><\/div><div class=\"swiper-slide\" role=\"group\" aria-roledescription=\"slide\" aria-label=\"5 sur 5\"><figure class=\"swiper-slide-inner\"><img decoding=\"async\" class=\"swiper-slide-image\" src=\"https:\/\/grunder-gaestehaus.de\/wp-content\/uploads\/2022\/11\/DSC00277-2-scaled.jpeg\" alt=\"Bistro Zuse 8\" \/><\/figure><\/div>\t\t\t<\/div>\n\t\t\t\t\t\t\t\n\t\t\t\t\t\t\t\t\t<\/div>\n\t\t\t\t\t\t<\/div>\n\t\t\t\t<\/div>\n\t\t\t\t\t<\/div>\n\t\t<\/div>\n\t\t\t\t\t<\/div>\n\t\t<\/section>\n\t\t\t\t<\/div>","protected":false},"excerpt":{"rendered":"<p>BISTRO ZUSE 8 Einfach mal die Seele baumeln lassen In unserem modern gestalteten Bistro Zuse8 ist das\u00a0ganz einfach. Genie\u00dfen Sie<\/p>","protected":false},"author":1,"featured_media":0,"parent":0,"menu_order":0,"comment_status":"closed","ping_status":"closed","template":"","meta":{"footnotes":""},"class_list":["post-9636","page","type-page","status-publish","hentry"],"_links":{"self":[{"href":"https:\/\/grunder-gaestehaus.de\/fr_fr\/wp-json\/wp\/v2\/pages\/9636","targetHints":{"allow":["GET"]}}],"collection":[{"href":"https:\/\/grunder-gaestehaus.de\/fr_fr\/wp-json\/wp\/v2\/pages"}],"about":[{"href":"https:\/\/grunder-gaestehaus.de\/fr_fr\/wp-json\/wp\/v2\/types\/page"}],"author":[{"embeddable":true,"href":"https:\/\/grunder-gaestehaus.de\/fr_fr\/wp-json\/wp\/v2\/users\/1"}],"replies":[{"embeddable":true,"href":"https:\/\/grunder-gaestehaus.de\/fr_fr\/wp-json\/wp\/v2\/comments?post=9636"}],"version-history":[{"count":10,"href":"https:\/\/grunder-gaestehaus.de\/fr_fr\/wp-json\/wp\/v2\/pages\/9636\/revisions"}],"predecessor-version":[{"id":23429,"href":"https:\/\/grunder-gaestehaus.de\/fr_fr\/wp-json\/wp\/v2\/pages\/9636\/revisions\/23429"}],"wp:attachment":[{"href":"https:\/\/grunder-gaestehaus.de\/fr_fr\/wp-json\/wp\/v2\/media?parent=9636"}],"curies":[{"name":"wp","href":"https:\/\/api.w.org\/{rel}","templated":true}]}}