{"id":22112,"date":"2026-01-08T14:32:24","date_gmt":"2026-01-08T13:32:24","guid":{"rendered":"https:\/\/grunder-gaestehaus.de\/?post_type=product&#038;p=22112"},"modified":"2026-03-30T20:01:43","modified_gmt":"2026-03-30T18:01:43","slug":"heiligmorgen-fruehstueck-24-12-2026-inkl-getraenke","status":"publish","type":"product","link":"https:\/\/grunder-gaestehaus.de\/fr_fr\/veranstaltung\/heiligmorgen-fruehstueck-24-12-2026-inkl-getraenke\/","title":{"rendered":"Heiligmorgen-Fr\u00fchst\u00fcck (24.12.2026) inkl. Getr\u00e4nke*"},"content":{"rendered":"<p>D\u00e9licieux buffet de petit-d\u00e9jeuner de No\u00ebl \u00e0 la maison d'h\u00f4tes Grunder<\/p>\n<p>24.12.2026 von 8 bis 13 Uhr<\/p>\n<p>Boissons chaudes, jus de fruits et un verre de cr\u00e9mant inclus<\/p>","protected":false},"excerpt":{"rendered":"<p>Leckeres Christmas Fr\u00fchst\u00fccksbuffet im Grunder G\u00e4stehaus 24.12.2026 von 8 bis 13 Uhr Inklusive Hei\u00dfgetr\u00e4nke, S\u00e4fte und ein Glass Cremant<\/p>","protected":false},"author":1,"featured_media":20074,"comment_status":"closed","ping_status":"closed","template":"","meta":[],"product_brand":[],"product_cat":[164],"product_tag":[],"class_list":{"0":"post-22112","1":"product","2":"type-product","3":"status-publish","4":"has-post-thumbnail","6":"product_cat-geniesser-brunch-buffet","8":"first","9":"instock","10":"taxable","11":"shipping-taxable","12":"purchasable","13":"product-type-variable"},"_links":{"self":[{"href":"https:\/\/grunder-gaestehaus.de\/fr_fr\/wp-json\/wp\/v2\/product\/22112","targetHints":{"allow":["GET"]}}],"collection":[{"href":"https:\/\/grunder-gaestehaus.de\/fr_fr\/wp-json\/wp\/v2\/product"}],"about":[{"href":"https:\/\/grunder-gaestehaus.de\/fr_fr\/wp-json\/wp\/v2\/types\/product"}],"author":[{"embeddable":true,"href":"https:\/\/grunder-gaestehaus.de\/fr_fr\/wp-json\/wp\/v2\/users\/1"}],"replies":[{"embeddable":true,"href":"https:\/\/grunder-gaestehaus.de\/fr_fr\/wp-json\/wp\/v2\/comments?post=22112"}],"version-history":[{"count":2,"href":"https:\/\/grunder-gaestehaus.de\/fr_fr\/wp-json\/wp\/v2\/product\/22112\/revisions"}],"predecessor-version":[{"id":22117,"href":"https:\/\/grunder-gaestehaus.de\/fr_fr\/wp-json\/wp\/v2\/product\/22112\/revisions\/22117"}],"wp:featuredmedia":[{"embeddable":true,"href":"https:\/\/grunder-gaestehaus.de\/fr_fr\/wp-json\/wp\/v2\/media\/20074"}],"wp:attachment":[{"href":"https:\/\/grunder-gaestehaus.de\/fr_fr\/wp-json\/wp\/v2\/media?parent=22112"}],"wp:term":[{"taxonomy":"product_brand","embeddable":true,"href":"https:\/\/grunder-gaestehaus.de\/fr_fr\/wp-json\/wp\/v2\/product_brand?post=22112"},{"taxonomy":"product_cat","embeddable":true,"href":"https:\/\/grunder-gaestehaus.de\/fr_fr\/wp-json\/wp\/v2\/product_cat?post=22112"},{"taxonomy":"product_tag","embeddable":true,"href":"https:\/\/grunder-gaestehaus.de\/fr_fr\/wp-json\/wp\/v2\/product_tag?post=22112"}],"curies":[{"name":"wp","href":"https:\/\/api.w.org\/{rel}","templated":true}]}}